{"id":854,"date":"2020-04-22T07:33:25","date_gmt":"2020-04-22T07:33:25","guid":{"rendered":"http:\/\/iludis.de\/?p=854"},"modified":"2022-04-20T09:26:45","modified_gmt":"2022-04-20T09:26:45","slug":"hausaufgaben-inf-stufe1-jkg-leonberg","status":"publish","type":"page","link":"https:\/\/iludis.de\/?page_id=854","title":{"rendered":"HA Inf Stufe1 JKG Leonberg"},"content":{"rendered":"<p><img loading=\"lazy\" decoding=\"async\" class=\"alignnone size-full wp-image-857\" src=\"https:\/\/iludis.de\/wp-content\/uploads\/2020\/04\/db.png\" alt=\"\" width=\"480\" height=\"137\" srcset=\"https:\/\/iludis.de\/wp-content\/uploads\/2020\/04\/db.png 480w, https:\/\/iludis.de\/wp-content\/uploads\/2020\/04\/db-300x86.png 300w\" sizes=\"auto, (max-width: 480px) 100vw, 480px\" \/><\/p>\n<p>Als PDF-Dokument: <a href=\"https:\/\/iludis.de\/wp-content\/uploads\/2020\/04\/Hausaufgaben-Informatik-2St\u00fcnder-JKG-Leonberg-KW17.pdf\">Hausaufgaben Informatik 2St\u00fcnder JKG Leonberg KW17<\/a><\/p>\n<p>Als Word-Dokument: <a href=\"https:\/\/iludis.de\/wp-content\/uploads\/2020\/04\/Hausaufgaben-Informatik-2St\u00fcnder-JKG-Leonberg-KW17.docx\">Hausaufgaben Informatik 2St\u00fcnder JKG Leonberg KW17<\/a><\/p>\n<hr \/>\n<h6>L\u00f6sungen<\/h6>\n<p><a href=\"https:\/\/iludis.de\/wp-content\/uploads\/2020\/04\/Musterloesung_Informatik2St\u00fcnder_JKGLeonbergKW17.pdf\">Musterloesung_Informatik2St\u00fcnder_JKGLeonbergKW17<\/a> <a href=\"https:\/\/iludis.de\/wp-content\/uploads\/2020\/04\/Musterloesung_Informatik2St\u00fcnder_JKGLeonbergKW17.docx\">Musterloesung_Informatik2St\u00fcnder_JKGLeonbergKW17<\/a><\/p>\n","protected":false},"excerpt":{"rendered":"<p>Als PDF-Dokument: Hausaufgaben Informatik 2St\u00fcnder JKG Leonberg KW17 Als Word-Dokument: Hausaufgaben Informatik 2St\u00fcnder JKG Leonberg KW17 L\u00f6sungen Musterloesung_Informatik2St\u00fcnder_JKGLeonbergKW17 Musterloesung_Informatik2St\u00fcnder_JKGLeonbergKW17<\/p>\n","protected":false},"author":2,"featured_media":0,"parent":0,"menu_order":0,"comment_status":"closed","ping_status":"closed","template":"","meta":{"footnotes":""},"class_list":{"0":"post-854","1":"page","2":"type-page","3":"status-publish","5":"entry"},"_links":{"self":[{"href":"https:\/\/iludis.de\/index.php?rest_route=\/wp\/v2\/pages\/854","targetHints":{"allow":["GET"]}}],"collection":[{"href":"https:\/\/iludis.de\/index.php?rest_route=\/wp\/v2\/pages"}],"about":[{"href":"https:\/\/iludis.de\/index.php?rest_route=\/wp\/v2\/types\/page"}],"author":[{"embeddable":true,"href":"https:\/\/iludis.de\/index.php?rest_route=\/wp\/v2\/users\/2"}],"replies":[{"embeddable":true,"href":"https:\/\/iludis.de\/index.php?rest_route=%2Fwp%2Fv2%2Fcomments&post=854"}],"version-history":[{"count":0,"href":"https:\/\/iludis.de\/index.php?rest_route=\/wp\/v2\/pages\/854\/revisions"}],"wp:attachment":[{"href":"https:\/\/iludis.de\/index.php?rest_route=%2Fwp%2Fv2%2Fmedia&parent=854"}],"curies":[{"name":"wp","href":"https:\/\/api.w.org\/{rel}","templated":true}]}}