{"id":849,"date":"2020-04-21T19:57:31","date_gmt":"2020-04-21T19:57:31","guid":{"rendered":"http:\/\/iludis.de\/?p=849"},"modified":"2022-04-20T09:27:22","modified_gmt":"2022-04-20T09:27:22","slug":"hausaufgaben-physik-3stuender-kw17","status":"publish","type":"page","link":"https:\/\/iludis.de\/?page_id=849","title":{"rendered":"HA Physik 3St KW17"},"content":{"rendered":"<p><img loading=\"lazy\" decoding=\"async\" class=\"alignnone size-full wp-image-850\" src=\"https:\/\/iludis.de\/wp-content\/uploads\/2020\/04\/Federpendel.png\" alt=\"\" width=\"480\" height=\"294\" srcset=\"https:\/\/iludis.de\/wp-content\/uploads\/2020\/04\/Federpendel.png 480w, https:\/\/iludis.de\/wp-content\/uploads\/2020\/04\/Federpendel-300x184.png 300w\" sizes=\"auto, (max-width: 480px) 100vw, 480px\" \/><\/p>\n<hr \/>\n<p>Als PDF-Dokument: <a href=\"https:\/\/iludis.de\/wp-content\/uploads\/2020\/04\/Hausaufgaben-Physik-3St\u00fcnder-KW-17.pdf\">Hausaufgaben Physik 3St\u00fcnder KW 17<\/a><\/p>\n<p>Als Word-Dokument: <a href=\"https:\/\/iludis.de\/wp-content\/uploads\/2020\/04\/Hausaufgaben-Physik-3St\u00fcnder-KW-17.docx\">Hausaufgaben Physik 3St\u00fcnder KW 17<\/a><\/p>\n<hr \/>\n<h6>L\u00f6sungen<\/h6>\n<p><a href=\"https:\/\/iludis.de\/wp-content\/uploads\/2020\/04\/Musterloesung_Physik3St_KW17.pdf\">Musterloesung_Physik3St_KW17<\/a><\/p>\n<p><a href=\"https:\/\/iludis.de\/wp-content\/uploads\/2020\/04\/Musterloesung_Physik3St_KW17.docx\">Musterloesung_Physik3St_KW17<\/a><\/p>\n","protected":false},"excerpt":{"rendered":"<p>Als PDF-Dokument: Hausaufgaben Physik 3St\u00fcnder KW 17 Als Word-Dokument: Hausaufgaben Physik 3St\u00fcnder KW 17 L\u00f6sungen Musterloesung_Physik3St_KW17 Musterloesung_Physik3St_KW17<\/p>\n","protected":false},"author":2,"featured_media":0,"parent":0,"menu_order":0,"comment_status":"closed","ping_status":"closed","template":"","meta":{"footnotes":""},"class_list":{"0":"post-849","1":"page","2":"type-page","3":"status-publish","5":"entry"},"_links":{"self":[{"href":"https:\/\/iludis.de\/index.php?rest_route=\/wp\/v2\/pages\/849","targetHints":{"allow":["GET"]}}],"collection":[{"href":"https:\/\/iludis.de\/index.php?rest_route=\/wp\/v2\/pages"}],"about":[{"href":"https:\/\/iludis.de\/index.php?rest_route=\/wp\/v2\/types\/page"}],"author":[{"embeddable":true,"href":"https:\/\/iludis.de\/index.php?rest_route=\/wp\/v2\/users\/2"}],"replies":[{"embeddable":true,"href":"https:\/\/iludis.de\/index.php?rest_route=%2Fwp%2Fv2%2Fcomments&post=849"}],"version-history":[{"count":0,"href":"https:\/\/iludis.de\/index.php?rest_route=\/wp\/v2\/pages\/849\/revisions"}],"wp:attachment":[{"href":"https:\/\/iludis.de\/index.php?rest_route=%2Fwp%2Fv2%2Fmedia&parent=849"}],"curies":[{"name":"wp","href":"https:\/\/api.w.org\/{rel}","templated":true}]}}