{"id":820,"date":"2020-04-20T20:18:35","date_gmt":"2020-04-20T20:18:35","guid":{"rendered":"http:\/\/iludis.de\/?p=820"},"modified":"2022-04-20T09:28:37","modified_gmt":"2022-04-20T09:28:37","slug":"hausaufgaben-imp-kw17","status":"publish","type":"page","link":"https:\/\/iludis.de\/?page_id=820","title":{"rendered":"HA IMP 9 KW17"},"content":{"rendered":"<p><img loading=\"lazy\" decoding=\"async\" class=\"alignnone size-full wp-image-823\" src=\"https:\/\/iludis.de\/wp-content\/uploads\/2020\/04\/smileys.png\" alt=\"\" width=\"480\" height=\"77\" srcset=\"https:\/\/iludis.de\/wp-content\/uploads\/2020\/04\/smileys.png 480w, https:\/\/iludis.de\/wp-content\/uploads\/2020\/04\/smileys-300x48.png 300w\" sizes=\"auto, (max-width: 480px) 100vw, 480px\" \/><\/p>\n<p>Als Word-Dokument: <a href=\"https:\/\/iludis.de\/wp-content\/uploads\/2020\/04\/Hausaufgaben-IMP-Klasse-9-KW-17.docx\">Hausaufgaben IMP Klasse 9 KW 17<\/a><\/p>\n<p>Als PDF-Dokument: <a href=\"https:\/\/iludis.de\/wp-content\/uploads\/2020\/04\/Hausaufgaben-IMP-Klasse-9-KW-17.pdf\">Hausaufgaben IMP Klasse 9 KW 17<\/a><\/p>\n<hr \/>\n<p>L\u00f6sungen:<\/p>\n<p><a href=\"https:\/\/iludis.de\/wp-content\/uploads\/2020\/04\/Musterl\u00f6sung_IMP9_KW17.docx\">Musterl\u00f6sung_IMP9_KW17<\/a><\/p>\n<p><a href=\"https:\/\/iludis.de\/wp-content\/uploads\/2020\/04\/Musterl\u00f6sung_IMP9_KW17.pdf\">Musterl\u00f6sung_IMP9_KW17<\/a><\/p>\n","protected":false},"excerpt":{"rendered":"<p>Als Word-Dokument: Hausaufgaben IMP Klasse 9 KW 17 Als PDF-Dokument: Hausaufgaben IMP Klasse 9 KW 17 L\u00f6sungen: Musterl\u00f6sung_IMP9_KW17 Musterl\u00f6sung_IMP9_KW17<\/p>\n","protected":false},"author":2,"featured_media":0,"parent":0,"menu_order":0,"comment_status":"closed","ping_status":"closed","template":"","meta":{"footnotes":""},"class_list":{"0":"post-820","1":"page","2":"type-page","3":"status-publish","5":"entry"},"_links":{"self":[{"href":"https:\/\/iludis.de\/index.php?rest_route=\/wp\/v2\/pages\/820","targetHints":{"allow":["GET"]}}],"collection":[{"href":"https:\/\/iludis.de\/index.php?rest_route=\/wp\/v2\/pages"}],"about":[{"href":"https:\/\/iludis.de\/index.php?rest_route=\/wp\/v2\/types\/page"}],"author":[{"embeddable":true,"href":"https:\/\/iludis.de\/index.php?rest_route=\/wp\/v2\/users\/2"}],"replies":[{"embeddable":true,"href":"https:\/\/iludis.de\/index.php?rest_route=%2Fwp%2Fv2%2Fcomments&post=820"}],"version-history":[{"count":0,"href":"https:\/\/iludis.de\/index.php?rest_route=\/wp\/v2\/pages\/820\/revisions"}],"wp:attachment":[{"href":"https:\/\/iludis.de\/index.php?rest_route=%2Fwp%2Fv2%2Fmedia&parent=820"}],"curies":[{"name":"wp","href":"https:\/\/api.w.org\/{rel}","templated":true}]}}