{"id":506,"date":"2019-01-03T08:53:30","date_gmt":"2019-01-03T08:53:30","guid":{"rendered":"http:\/\/iludis.de\/?page_id=506"},"modified":"2019-01-03T09:00:13","modified_gmt":"2019-01-03T09:00:13","slug":"physik","status":"publish","type":"page","link":"https:\/\/iludis.de\/?page_id=506","title":{"rendered":"Physik: Aufgaben &#038; Materialien"},"content":{"rendered":"<h3>KA \u00dcbungsaufgaben 14.5.2018:<\/h3>\n<p><a href=\"https:\/\/iludis.de\/wp-content\/uploads\/2018\/05\/PhysikKA2_10b_Vorbereitung_2018.pdf\">PhysikKA2_10b_Vorbereitung_2018<\/a><\/p>\n<hr \/>\n<h3>KA \u00dcbungsaufgaben 13.5.2018:<\/h3>\n<p><a href=\"https:\/\/iludis.de\/wp-content\/uploads\/2018\/05\/WasistwichtigfuerdieKlassenarbeit_2018_9b.pdf\">WasistwichtigfuerdieKlassenarbeit_2018_9b<\/a><\/p>\n<hr \/>\n<h3>KA \u00dcbungsaufgaben 2.1.2018:<\/h3>\n<p><a href=\"https:\/\/iludis.de\/wp-content\/uploads\/2018\/01\/WasIstWichtigFuerDiePhysikKA_10b.pdf\">WasIstWichtigFuerDiePhysikKA_10b<\/a><\/p>\n<p><a href=\"https:\/\/iludis.de\/wp-content\/uploads\/2018\/01\/stirlingAnimation.zip\">stirlingAnimation<\/a><\/p>\n<p><a href=\"https:\/\/iludis.de\/wp-content\/uploads\/2018\/01\/Simulation_Pendel.zip\">Simulation_Pendel<\/a><\/p>\n<hr \/>\n<h3>KA \u00dcbungsaufgaben 11.12.2017:<\/h3>\n<p><a href=\"https:\/\/iludis.de\/wp-content\/uploads\/2017\/12\/WasistwichtigfuerdieKlassenarbeit_2017.pdf\">WasistwichtigfuerdieKlassenarbeit_2017<\/a><\/p>\n<hr \/>\n<h3>KA \u00dcbungsaufgaben 8.11.2017:<\/h3>\n<p><a href=\"https:\/\/iludis.de\/wp-content\/uploads\/2017\/11\/WasIstWichtigFuerPhysikKA.pdf\">WasIstWichtigFuerPhysikKA<\/a><\/p>\n<hr \/>\n<h3>KA \u00dcbungsaufgaben 22.6.2017:<\/h3>\n<p><a href=\"https:\/\/iludis.de\/wp-content\/uploads\/2017\/06\/UebungsblattPhysik9b_22Juni.pdf\">UebungsblattPhysik9b_22Juni<\/a><\/p>\n<hr \/>\n<p>&nbsp;<\/p>\n","protected":false},"excerpt":{"rendered":"<p>KA \u00dcbungsaufgaben 14.5.2018: PhysikKA2_10b_Vorbereitung_2018 KA \u00dcbungsaufgaben 13.5.2018: WasistwichtigfuerdieKlassenarbeit_2018_9b KA \u00dcbungsaufgaben 2.1.2018: WasIstWichtigFuerDiePhysikKA_10b stirlingAnimation Simulation_Pendel KA \u00dcbungsaufgaben 11.12.2017: WasistwichtigfuerdieKlassenarbeit_2017 KA \u00dcbungsaufgaben 8.11.2017: WasIstWichtigFuerPhysikKA KA \u00dcbungsaufgaben 22.6.2017: UebungsblattPhysik9b_22Juni &nbsp;<\/p>\n","protected":false},"author":2,"featured_media":0,"parent":0,"menu_order":0,"comment_status":"closed","ping_status":"closed","template":"","meta":{"footnotes":""},"class_list":{"0":"post-506","1":"page","2":"type-page","3":"status-publish","5":"entry"},"_links":{"self":[{"href":"https:\/\/iludis.de\/index.php?rest_route=\/wp\/v2\/pages\/506","targetHints":{"allow":["GET"]}}],"collection":[{"href":"https:\/\/iludis.de\/index.php?rest_route=\/wp\/v2\/pages"}],"about":[{"href":"https:\/\/iludis.de\/index.php?rest_route=\/wp\/v2\/types\/page"}],"author":[{"embeddable":true,"href":"https:\/\/iludis.de\/index.php?rest_route=\/wp\/v2\/users\/2"}],"replies":[{"embeddable":true,"href":"https:\/\/iludis.de\/index.php?rest_route=%2Fwp%2Fv2%2Fcomments&post=506"}],"version-history":[{"count":0,"href":"https:\/\/iludis.de\/index.php?rest_route=\/wp\/v2\/pages\/506\/revisions"}],"wp:attachment":[{"href":"https:\/\/iludis.de\/index.php?rest_route=%2Fwp%2Fv2%2Fmedia&parent=506"}],"curies":[{"name":"wp","href":"https:\/\/api.w.org\/{rel}","templated":true}]}}