{"id":374,"date":"2018-10-21T11:23:28","date_gmt":"2018-10-21T11:23:28","guid":{"rendered":"http:\/\/iludis.de\/?p=374"},"modified":"2019-01-03T09:12:25","modified_gmt":"2019-01-03T09:12:25","slug":"klausurvorbereitung-ch4st-25-okt","status":"publish","type":"page","link":"https:\/\/iludis.de\/?page_id=374","title":{"rendered":"Chemie: Aufgaben &#038; Materialien"},"content":{"rendered":"<h3>4St\u00fcnder: KA \u00dcbungsaufgaben 24.10.2018:<\/h3>\n<p><a href=\"https:\/\/iludis.de\/wp-content\/uploads\/2018\/10\/Wasistwichtigf\u00fcrdie5teKursarbeit.pdf\">Wasistwichtigf\u00fcrdie5teKursarbeit<\/a><\/p>\n<hr \/>\n<h3><strong>9b:\u00a0<\/strong>KA \u00dcbungsaufgaben 29.4.2018:<\/h3>\n<p><strong>Dokument mit den wichtigsten Begriffen und Zusammenh\u00e4ngen:<\/strong><\/p>\n<ul>\n<li><a href=\"https:\/\/iludis.de\/wp-content\/uploads\/2018\/04\/WasistwichtigfuerdieKlassenarbeitChemie9b_2018.pdf\">WasistwichtigfuerdieKlassenarbeitChemie9b_2018<\/a><\/li>\n<\/ul>\n<p><strong>Simulationen und Animationen aus dem Unterricht:<\/strong><\/p>\n<ul>\n<li><a href=\"https:\/\/iludis.de\/wp-content\/uploads\/2018\/04\/PrinzipKovalenteBindung.zip\">PrinzipKovalenteBindung<\/a><\/li>\n<li><a href=\"https:\/\/iludis.de\/wp-content\/uploads\/2018\/04\/OrbitaleLewisschreibweise.zip\">OrbitaleLewisschreibweise<\/a><\/li>\n<li><a href=\"https:\/\/iludis.de\/wp-content\/uploads\/2018\/04\/Elektrolyse.zip\">Elektrolyse<\/a><\/li>\n<li><a href=\"https:\/\/iludis.de\/wp-content\/uploads\/2018\/04\/Gitterenergie.zip\">Gitterenergie<\/a><\/li>\n<\/ul>\n<hr \/>\n<h3>4St\u00fcnder: KA \u00dcbungsaufgaben 16.4.2018:<\/h3>\n<p><a href=\"https:\/\/iludis.de\/wp-content\/uploads\/2018\/04\/ArbeitsblattTitrationPuffersysteme.pdf\">ArbeitsblattTitrationPuffersysteme<\/a><\/p>\n<hr \/>\n<h3>4St\u00fcnder: KA \u00dcbungsaufgaben 14.3.2018:<\/h3>\n<p><a href=\"https:\/\/iludis.de\/wp-content\/uploads\/2018\/03\/ArbeitsblattS\u00e4uren_2018.pdf\">ArbeitsblattS\u00e4uren_2018<\/a><\/p>\n<hr \/>\n<h3><strong>9b:\u00a0<\/strong>KA \u00dcbungsaufgaben 3.1.2018:<\/h3>\n<p><a href=\"https:\/\/iludis.de\/wp-content\/uploads\/2018\/01\/WasistwichtigfuerdieKAChemie_9b.pdf\">WasistwichtigfuerdieKAChemie_9b<\/a><\/p>\n<hr \/>\n<h3>4St\u00fcnder: KA \u00dcbungsaufgaben 22.10.2017:<\/h3>\n<p>&#8230; mit Musterl\u00f6sungen:<\/p>\n<ul>\n<li><a href=\"https:\/\/iludis.de\/wp-content\/uploads\/2017\/10\/Was-ist-wichtig-f\u00fcr-die-erste-Kursarbeit.pdf\">Was ist wichtig f\u00fcr die erste Kursarbeit<\/a><\/li>\n<li><a href=\"https:\/\/iludis.de\/wp-content\/uploads\/2017\/10\/Was-ist-wichtig-f\u00fcr-die-erste-Kursarbeit_Musterl\u00f6sung.pdf\">Was ist wichtig f\u00fcr die erste Kursarbeit_Musterl\u00f6sung<\/a><\/li>\n<\/ul>\n<hr \/>\n<h3>4St\u00fcnder: Enthalpie-Hausaufgaben 3.10.2018:<\/h3>\n<p><a href=\"https:\/\/iludis.de\/wp-content\/uploads\/2017\/10\/Hausaufgaben_Enthalpien.pdf\">Hausaufgaben_Enthalpien<\/a><\/p>\n<hr \/>\n<h3>4St\u00fcnder: Kalorimetrie-Hausaufgaben 25.9.2018:<\/h3>\n<p><a href=\"https:\/\/iludis.de\/wp-content\/uploads\/2017\/09\/Kalorimetrie_J1Chemie.pdf\">Kalorimetrie_J1Chemie<\/a><\/p>\n<hr \/>\n<h3>10b: KA \u00dcbungsaufgaben 11.5.2017:<\/h3>\n<p><a href=\"https:\/\/iludis.de\/wp-content\/uploads\/2017\/05\/UebungsblattKlassenarbeitChemie10_2017.pdf\">UebungsblattKlassenarbeitChemie10_2017<\/a><\/p>\n<hr \/>\n<h3>Hausaufgabe 9b: Galvanisierung 9.3 2017:<\/h3>\n<p><a href=\"https:\/\/iludis.de\/wp-content\/uploads\/2017\/03\/chemieHA_9b_9Maerz.pdf\">chemieHA_9b_9Maerz<\/a><\/p>\n<p>&nbsp;<\/p>\n","protected":false},"excerpt":{"rendered":"<p>4St\u00fcnder: KA \u00dcbungsaufgaben 24.10.2018: Wasistwichtigf\u00fcrdie5teKursarbeit 9b:\u00a0KA \u00dcbungsaufgaben 29.4.2018: Dokument mit den wichtigsten Begriffen und Zusammenh\u00e4ngen: WasistwichtigfuerdieKlassenarbeitChemie9b_2018 Simulationen und Animationen aus dem Unterricht: PrinzipKovalenteBindung OrbitaleLewisschreibweise Elektrolyse Gitterenergie 4St\u00fcnder: KA \u00dcbungsaufgaben 16.4.2018: ArbeitsblattTitrationPuffersysteme 4St\u00fcnder: KA \u00dcbungsaufgaben 14.3.2018: ArbeitsblattS\u00e4uren_2018 9b:\u00a0KA \u00dcbungsaufgaben 3.1.2018: WasistwichtigfuerdieKAChemie_9b 4St\u00fcnder: KA \u00dcbungsaufgaben 22.10.2017: &#8230; mit Musterl\u00f6sungen: Was ist wichtig f\u00fcr die erste Kursarbeit Was&hellip; <\/p>\n<p class=\"toivo-read-more\"><a href=\"https:\/\/iludis.de\/?page_id=374\" class=\"more-link\">Read more <span class=\"screen-reader-text\">Chemie: Aufgaben &#038; Materialien<\/span><\/a><\/p>\n","protected":false},"author":2,"featured_media":0,"parent":0,"menu_order":0,"comment_status":"closed","ping_status":"closed","template":"","meta":{"footnotes":""},"class_list":{"0":"post-374","1":"page","2":"type-page","3":"status-publish","5":"entry"},"_links":{"self":[{"href":"https:\/\/iludis.de\/index.php?rest_route=\/wp\/v2\/pages\/374","targetHints":{"allow":["GET"]}}],"collection":[{"href":"https:\/\/iludis.de\/index.php?rest_route=\/wp\/v2\/pages"}],"about":[{"href":"https:\/\/iludis.de\/index.php?rest_route=\/wp\/v2\/types\/page"}],"author":[{"embeddable":true,"href":"https:\/\/iludis.de\/index.php?rest_route=\/wp\/v2\/users\/2"}],"replies":[{"embeddable":true,"href":"https:\/\/iludis.de\/index.php?rest_route=%2Fwp%2Fv2%2Fcomments&post=374"}],"version-history":[{"count":0,"href":"https:\/\/iludis.de\/index.php?rest_route=\/wp\/v2\/pages\/374\/revisions"}],"wp:attachment":[{"href":"https:\/\/iludis.de\/index.php?rest_route=%2Fwp%2Fv2%2Fmedia&parent=374"}],"curies":[{"name":"wp","href":"https:\/\/api.w.org\/{rel}","templated":true}]}}