{"id":112,"date":"2017-09-28T20:17:17","date_gmt":"2017-09-28T20:17:17","guid":{"rendered":"http:\/\/iludis.de\/?p=112"},"modified":"2018-12-24T15:34:33","modified_gmt":"2018-12-24T15:34:33","slug":"robotik-ag-arduino-tutorial","status":"publish","type":"page","link":"https:\/\/iludis.de\/?page_id=112","title":{"rendered":"Robotik-AG Arduino-Tutorial"},"content":{"rendered":"<p><a href=\"https:\/\/iludis.de\/wp-content\/uploads\/2018\/03\/RobotikAG_ArduinoTutorial.pdf\">RobotikAG_ArduinoTutorial<\/a>\u00a0<em>mit Arduino-CheatSheet<\/em><a href=\"https:\/\/iludis.de\/wp-content\/uploads\/2017\/09\/RobotikAG_ArduinoTutorial.pdf\"><br \/>\n<\/a><\/p>\n<p>Ver. 1.50: Korrekturen H-Br\u00fccken, Ultraschall-Echo per Interrupt.<br \/>\nVer. 1.48: Korrekturen Tutorial VL53L0X.<br \/>\nVer. 1.45: Ausf\u00fchrliches Tutorial zum VL53L0X-Time Of Flight-Sensor.<br \/>\nVer. 1.40: Ausf\u00fchrliches Tutorial zum MPU 6050 Orientierungssensor.<br \/>\nVer. 1.35: Delay versus Timersteuerung.<br \/>\nVer. 1.30: Ausf\u00fchrliches Tutorial zur Pololu DRV8835-HBr\u00fccke.<\/p>\n","protected":false},"excerpt":{"rendered":"<p>RobotikAG_ArduinoTutorial\u00a0mit Arduino-CheatSheet Ver. 1.50: Korrekturen H-Br\u00fccken, Ultraschall-Echo per Interrupt. Ver. 1.48: Korrekturen Tutorial VL53L0X. Ver. 1.45: Ausf\u00fchrliches Tutorial zum VL53L0X-Time Of Flight-Sensor. Ver. 1.40: Ausf\u00fchrliches Tutorial zum MPU 6050 Orientierungssensor. Ver. 1.35: Delay versus Timersteuerung. Ver. 1.30: Ausf\u00fchrliches Tutorial zur Pololu DRV8835-HBr\u00fccke.<\/p>\n","protected":false},"author":2,"featured_media":0,"parent":0,"menu_order":0,"comment_status":"closed","ping_status":"closed","template":"","meta":{"footnotes":""},"class_list":{"0":"post-112","1":"page","2":"type-page","3":"status-publish","5":"entry"},"_links":{"self":[{"href":"https:\/\/iludis.de\/index.php?rest_route=\/wp\/v2\/pages\/112","targetHints":{"allow":["GET"]}}],"collection":[{"href":"https:\/\/iludis.de\/index.php?rest_route=\/wp\/v2\/pages"}],"about":[{"href":"https:\/\/iludis.de\/index.php?rest_route=\/wp\/v2\/types\/page"}],"author":[{"embeddable":true,"href":"https:\/\/iludis.de\/index.php?rest_route=\/wp\/v2\/users\/2"}],"replies":[{"embeddable":true,"href":"https:\/\/iludis.de\/index.php?rest_route=%2Fwp%2Fv2%2Fcomments&post=112"}],"version-history":[{"count":0,"href":"https:\/\/iludis.de\/index.php?rest_route=\/wp\/v2\/pages\/112\/revisions"}],"wp:attachment":[{"href":"https:\/\/iludis.de\/index.php?rest_route=%2Fwp%2Fv2%2Fmedia&parent=112"}],"curies":[{"name":"wp","href":"https:\/\/api.w.org\/{rel}","templated":true}]}}